{"id":383,"date":"2016-04-07T07:02:40","date_gmt":"2016-04-07T04:02:40","guid":{"rendered":"http:\/\/demo.yolotheme.com\/dummy\/sofani\/?post_type=product&#038;p=383"},"modified":"2025-07-11T15:06:33","modified_gmt":"2025-07-11T12:06:33","slug":"model1024","status":"publish","type":"product","link":"https:\/\/aynatasarim.com\/en\/product\/model1024\/","title":{"rendered":"Boho Black Framed Mirror"},"content":{"rendered":"<p>\u00d6l\u00e7\u00fc: 71cmx93cm<\/p>\n<p>Boho Wooden Framed Mirror Lead-Free certified mirror (lead-free mirror) Foil pulled on the back of the mirror for safety purposes, so it won't shatter even if it breaks. Quality workmanship and material.<\/p>\n<p>Ah\u015fap Mdf kullan\u0131lm\u0131\u015ft\u0131r.<\/p>","protected":false},"excerpt":{"rendered":"<p>\u00d6l\u00e7\u00fc: 71cmx93cm Boho Ah\u015fap \u00c7er\u00e7eveli Ayna Lead-Free sertifikal\u0131 ayna (kur\u015funsuz ayna) G\u00fcvenlik ama\u00e7l\u0131 folyo \u00e7ekildi aynan\u0131n arkas\u0131na, b\u00f6ylece k\u0131r\u0131lsa bile da\u011f\u0131lmaz. Kaliteli i\u015f\u00e7ilik ve malzeme. Ah\u015fap Mdf kullan\u0131lm\u0131\u015ft\u0131r.<\/p>","protected":false},"featured_media":3684,"comment_status":"open","ping_status":"closed","template":"","meta":[],"product_brand":[],"product_cat":[35],"product_tag":[50,51,49],"class_list":{"0":"post-383","1":"product","2":"type-product","3":"status-publish","4":"has-post-thumbnail","6":"product_cat-ahsap-mdf","7":"product_tag-ayna","8":"product_tag-duvar-aynasi","9":"product_tag-mirror","11":"first","12":"instock","13":"sale","14":"shipping-taxable","15":"product-type-simple"},"_links":{"self":[{"href":"https:\/\/aynatasarim.com\/en\/wp-json\/wp\/v2\/product\/383","targetHints":{"allow":["GET"]}}],"collection":[{"href":"https:\/\/aynatasarim.com\/en\/wp-json\/wp\/v2\/product"}],"about":[{"href":"https:\/\/aynatasarim.com\/en\/wp-json\/wp\/v2\/types\/product"}],"replies":[{"embeddable":true,"href":"https:\/\/aynatasarim.com\/en\/wp-json\/wp\/v2\/comments?post=383"}],"wp:featuredmedia":[{"embeddable":true,"href":"https:\/\/aynatasarim.com\/en\/wp-json\/wp\/v2\/media\/3684"}],"wp:attachment":[{"href":"https:\/\/aynatasarim.com\/en\/wp-json\/wp\/v2\/media?parent=383"}],"wp:term":[{"taxonomy":"product_brand","embeddable":true,"href":"https:\/\/aynatasarim.com\/en\/wp-json\/wp\/v2\/product_brand?post=383"},{"taxonomy":"product_cat","embeddable":true,"href":"https:\/\/aynatasarim.com\/en\/wp-json\/wp\/v2\/product_cat?post=383"},{"taxonomy":"product_tag","embeddable":true,"href":"https:\/\/aynatasarim.com\/en\/wp-json\/wp\/v2\/product_tag?post=383"}],"curies":[{"name":"wp","href":"https:\/\/api.w.org\/{rel}","templated":true}]}}