{"id":375,"date":"2016-04-06T08:20:24","date_gmt":"2016-04-06T05:20:24","guid":{"rendered":"http:\/\/demo.yolotheme.com\/dummy\/sofani\/?post_type=product&#038;p=375"},"modified":"2026-02-06T02:24:57","modified_gmt":"2026-02-05T23:24:57","slug":"model1027-2","status":"publish","type":"product","link":"https:\/\/aynatasarim.com\/en\/product\/model1027-2\/","title":{"rendered":"Art Deco Mirror"},"content":{"rendered":"<p>\u00d6l\u00e7\u00fcler: 62cm x 91 cm<\/p>\n<p>\u00c7ok \u015f\u0131k ve zarif art deco ayna. Kalite i\u015f\u00e7ilik ve malzeme ile \u00fcretilmi\u015ftir. Benzerini bulabilece\u011finiz bir \u00fcr\u00fcn de\u011fil. Odan\u0131za \u015f\u0131kl\u0131k katacak.<\/p>\n<p>Ayna kenarlar\u0131na bizote i\u015flemi uygulanm\u0131\u015ft\u0131r.<\/p>\n<p>Kendi \u00fcretimimiz.<\/p>","protected":false},"excerpt":{"rendered":"<p>\u00d6l\u00e7\u00fcler: 62cm x 91 cm \u00c7ok \u015f\u0131k ve zarif art deco ayna. Kalite i\u015f\u00e7ilik ve malzeme ile \u00fcretilmi\u015ftir. Benzerini bulabilece\u011finiz bir \u00fcr\u00fcn de\u011fil. Odan\u0131za \u015f\u0131kl\u0131k katacak. Ayna kenarlar\u0131na bizote i\u015flemi uygulanm\u0131\u015ft\u0131r. Kendi \u00fcretimimiz.<\/p>","protected":false},"featured_media":3665,"comment_status":"open","ping_status":"closed","template":"","meta":[],"product_brand":[],"product_cat":[32],"product_tag":[50,51,49],"class_list":{"0":"post-375","1":"product","2":"type-product","3":"status-publish","4":"has-post-thumbnail","6":"product_cat-desen-isleme","7":"product_tag-ayna","8":"product_tag-duvar-aynasi","9":"product_tag-mirror","11":"first","12":"instock","13":"sale","14":"shipping-taxable","15":"product-type-simple"},"_links":{"self":[{"href":"https:\/\/aynatasarim.com\/en\/wp-json\/wp\/v2\/product\/375","targetHints":{"allow":["GET"]}}],"collection":[{"href":"https:\/\/aynatasarim.com\/en\/wp-json\/wp\/v2\/product"}],"about":[{"href":"https:\/\/aynatasarim.com\/en\/wp-json\/wp\/v2\/types\/product"}],"replies":[{"embeddable":true,"href":"https:\/\/aynatasarim.com\/en\/wp-json\/wp\/v2\/comments?post=375"}],"wp:featuredmedia":[{"embeddable":true,"href":"https:\/\/aynatasarim.com\/en\/wp-json\/wp\/v2\/media\/3665"}],"wp:attachment":[{"href":"https:\/\/aynatasarim.com\/en\/wp-json\/wp\/v2\/media?parent=375"}],"wp:term":[{"taxonomy":"product_brand","embeddable":true,"href":"https:\/\/aynatasarim.com\/en\/wp-json\/wp\/v2\/product_brand?post=375"},{"taxonomy":"product_cat","embeddable":true,"href":"https:\/\/aynatasarim.com\/en\/wp-json\/wp\/v2\/product_cat?post=375"},{"taxonomy":"product_tag","embeddable":true,"href":"https:\/\/aynatasarim.com\/en\/wp-json\/wp\/v2\/product_tag?post=375"}],"curies":[{"name":"wp","href":"https:\/\/api.w.org\/{rel}","templated":true}]}}