{"id":372,"date":"2016-04-06T08:06:18","date_gmt":"2016-04-06T05:06:18","guid":{"rendered":"http:\/\/demo.yolotheme.com\/dummy\/sofani\/?post_type=product&#038;p=372"},"modified":"2025-07-11T14:28:29","modified_gmt":"2025-07-11T11:28:29","slug":"model1033","status":"publish","type":"product","link":"https:\/\/aynatasarim.com\/en\/product\/model1033\/","title":{"rendered":"Symetric Mirror"},"content":{"rendered":"<p>Forma rodaj i\u015flemi yap\u0131lm\u0131\u015ft\u0131r. Ayna arkas\u0131 i\u00e7in tamam\u0131n\u0131 kapatacak \u015fekilde 11 mm kal\u0131nl\u0131\u011f\u0131nda ah\u015fap mdf kullan\u0131lm\u0131\u015ft\u0131r. \u00c7er\u00e7eve boyas\u0131 olduk\u00e7a kalitelidir.<\/p>\n<p>\u00d6l\u00e7\u00fc: 80&#215;80 cm<\/p>\n<p>&nbsp;<\/p>\n<p>&nbsp;<\/p>","protected":false},"excerpt":{"rendered":"<p>Forma rodaj i\u015flemi yap\u0131lm\u0131\u015ft\u0131r. Ayna arkas\u0131 i\u00e7in tamam\u0131n\u0131 kapatacak \u015fekilde 11 mm kal\u0131nl\u0131\u011f\u0131nda ah\u015fap mdf kullan\u0131lm\u0131\u015ft\u0131r. \u00c7er\u00e7eve boyas\u0131 olduk\u00e7a kalitelidir. \u00d6l\u00e7\u00fc: 80&#215;80 cm &nbsp; &nbsp;<\/p>","protected":false},"featured_media":3671,"comment_status":"open","ping_status":"closed","template":"","meta":[],"product_brand":[],"product_cat":[32],"product_tag":[50,51,49],"class_list":{"0":"post-372","1":"product","2":"type-product","3":"status-publish","4":"has-post-thumbnail","6":"product_cat-desen-isleme","7":"product_tag-ayna","8":"product_tag-duvar-aynasi","9":"product_tag-mirror","11":"first","12":"instock","13":"sale","14":"shipping-taxable","15":"product-type-simple"},"_links":{"self":[{"href":"https:\/\/aynatasarim.com\/en\/wp-json\/wp\/v2\/product\/372","targetHints":{"allow":["GET"]}}],"collection":[{"href":"https:\/\/aynatasarim.com\/en\/wp-json\/wp\/v2\/product"}],"about":[{"href":"https:\/\/aynatasarim.com\/en\/wp-json\/wp\/v2\/types\/product"}],"replies":[{"embeddable":true,"href":"https:\/\/aynatasarim.com\/en\/wp-json\/wp\/v2\/comments?post=372"}],"wp:featuredmedia":[{"embeddable":true,"href":"https:\/\/aynatasarim.com\/en\/wp-json\/wp\/v2\/media\/3671"}],"wp:attachment":[{"href":"https:\/\/aynatasarim.com\/en\/wp-json\/wp\/v2\/media?parent=372"}],"wp:term":[{"taxonomy":"product_brand","embeddable":true,"href":"https:\/\/aynatasarim.com\/en\/wp-json\/wp\/v2\/product_brand?post=372"},{"taxonomy":"product_cat","embeddable":true,"href":"https:\/\/aynatasarim.com\/en\/wp-json\/wp\/v2\/product_cat?post=372"},{"taxonomy":"product_tag","embeddable":true,"href":"https:\/\/aynatasarim.com\/en\/wp-json\/wp\/v2\/product_tag?post=372"}],"curies":[{"name":"wp","href":"https:\/\/api.w.org\/{rel}","templated":true}]}}