{"id":3637,"date":"2025-07-04T16:21:42","date_gmt":"2025-07-04T13:21:42","guid":{"rendered":"https:\/\/aynatasarim.com\/?post_type=product&#038;p=3637"},"modified":"2025-10-14T13:22:48","modified_gmt":"2025-10-14T10:22:48","slug":"oval-basliksiz-ayna-28","status":"publish","type":"product","link":"https:\/\/aynatasarim.com\/en\/product\/oval-basliksiz-ayna-28\/","title":{"rendered":"Bruxe Ayna"},"content":{"rendered":"<p class=\"product-description-content\">118cm x 68cm boyutlar\u0131ndaki Bruxe Mirror, geni\u015f kullan\u0131m alan\u0131 sunarak mekan\u0131n\u0131zda \u015f\u0131k bir ayna deneyimi ya\u015fat\u0131r<\/p>\n<p class=\"product-description-content\">Duvar aynas\u0131 olarak tasarlanm\u0131\u015f olan bu \u00fcr\u00fcn, modern ve minimalist dekorasyon tarzlar\u0131na kolayca uyum sa\u011flar<\/p>\n<p class=\"product-description-content\">Y\u00fcksek kaliteli malzeme kullan\u0131m\u0131 sayesinde uzun \u00f6m\u00fcrl\u00fc ve dayan\u0131kl\u0131 bir yap\u0131ya sahiptir<\/p>\n<p class=\"product-description-content\">Bruxe Mirror, hem banyo hem de oturma odas\u0131 gibi farkl\u0131 alanlarda estetik bir dokunu\u015f katmak i\u00e7in idealdir<\/p>","protected":false},"excerpt":{"rendered":"<p>118cm x 68cm boyutlar\u0131ndaki Bruxe Mirror, geni\u015f kullan\u0131m alan\u0131 sunarak mekan\u0131n\u0131zda \u015f\u0131k bir ayna deneyimi ya\u015fat\u0131r Duvar aynas\u0131 olarak tasarlanm\u0131\u015f olan bu \u00fcr\u00fcn, modern ve minimalist dekorasyon tarzlar\u0131na kolayca uyum sa\u011flar Y\u00fcksek kaliteli malzeme kullan\u0131m\u0131 sayesinde uzun \u00f6m\u00fcrl\u00fc ve dayan\u0131kl\u0131 bir yap\u0131ya sahiptir Bruxe Mirror, hem banyo hem de oturma odas\u0131 gibi farkl\u0131 alanlarda estetik&#8230;<\/p>","protected":false},"featured_media":3638,"comment_status":"open","ping_status":"closed","template":"","meta":[],"product_brand":[],"product_cat":[15],"product_tag":[],"class_list":{"0":"post-3637","1":"product","2":"type-product","3":"status-publish","4":"has-post-thumbnail","6":"product_cat-kategorisiz","8":"first","9":"instock","10":"shipping-taxable","11":"product-type-simple"},"_links":{"self":[{"href":"https:\/\/aynatasarim.com\/en\/wp-json\/wp\/v2\/product\/3637","targetHints":{"allow":["GET"]}}],"collection":[{"href":"https:\/\/aynatasarim.com\/en\/wp-json\/wp\/v2\/product"}],"about":[{"href":"https:\/\/aynatasarim.com\/en\/wp-json\/wp\/v2\/types\/product"}],"replies":[{"embeddable":true,"href":"https:\/\/aynatasarim.com\/en\/wp-json\/wp\/v2\/comments?post=3637"}],"wp:featuredmedia":[{"embeddable":true,"href":"https:\/\/aynatasarim.com\/en\/wp-json\/wp\/v2\/media\/3638"}],"wp:attachment":[{"href":"https:\/\/aynatasarim.com\/en\/wp-json\/wp\/v2\/media?parent=3637"}],"wp:term":[{"taxonomy":"product_brand","embeddable":true,"href":"https:\/\/aynatasarim.com\/en\/wp-json\/wp\/v2\/product_brand?post=3637"},{"taxonomy":"product_cat","embeddable":true,"href":"https:\/\/aynatasarim.com\/en\/wp-json\/wp\/v2\/product_cat?post=3637"},{"taxonomy":"product_tag","embeddable":true,"href":"https:\/\/aynatasarim.com\/en\/wp-json\/wp\/v2\/product_tag?post=3637"}],"curies":[{"name":"wp","href":"https:\/\/api.w.org\/{rel}","templated":true}]}}