{"id":3237,"date":"2023-04-14T10:16:54","date_gmt":"2023-04-14T07:16:54","guid":{"rendered":"https:\/\/aynatasarim.com\/?post_type=product&#038;p=3237"},"modified":"2023-04-27T14:13:08","modified_gmt":"2023-04-27T11:13:08","slug":"model1010","status":"publish","type":"product","link":"https:\/\/aynatasarim.com\/en\/product\/model1010\/","title":{"rendered":"Siyah Metal \u00c7er\u00e7eve (140&#215;60)"},"content":{"rendered":"<p>Metal \u00e7er\u00e7eveli ayna. \u00d6l\u00e7\u00fc: 140&#215;60<br \/>\nSiyah renk<br \/>\nMateryal: Al\u00fcminyum, kur\u015funsuz ayna, siyah folyo<\/p>\n<p>Kendi \u00fcretimimiz.<\/p>\n<p>&nbsp;<\/p>","protected":false},"excerpt":{"rendered":"<p>Metal \u00e7er\u00e7eveli ayna. \u00d6l\u00e7\u00fc: 140&#215;60<br \/>\nSiyah renk<br \/>\nMateryal: Al\u00fcminyum, kur\u015funsuz ayna, siyah folyo<\/p>","protected":false},"featured_media":3242,"comment_status":"open","ping_status":"closed","template":"","meta":[],"product_brand":[],"product_cat":[26],"product_tag":[],"class_list":{"0":"post-3237","1":"product","2":"type-product","3":"status-publish","4":"has-post-thumbnail","6":"product_cat-metal-cerceveliler","8":"first","9":"instock","10":"sale","11":"shipping-taxable","12":"product-type-simple"},"_links":{"self":[{"href":"https:\/\/aynatasarim.com\/en\/wp-json\/wp\/v2\/product\/3237","targetHints":{"allow":["GET"]}}],"collection":[{"href":"https:\/\/aynatasarim.com\/en\/wp-json\/wp\/v2\/product"}],"about":[{"href":"https:\/\/aynatasarim.com\/en\/wp-json\/wp\/v2\/types\/product"}],"replies":[{"embeddable":true,"href":"https:\/\/aynatasarim.com\/en\/wp-json\/wp\/v2\/comments?post=3237"}],"wp:featuredmedia":[{"embeddable":true,"href":"https:\/\/aynatasarim.com\/en\/wp-json\/wp\/v2\/media\/3242"}],"wp:attachment":[{"href":"https:\/\/aynatasarim.com\/en\/wp-json\/wp\/v2\/media?parent=3237"}],"wp:term":[{"taxonomy":"product_brand","embeddable":true,"href":"https:\/\/aynatasarim.com\/en\/wp-json\/wp\/v2\/product_brand?post=3237"},{"taxonomy":"product_cat","embeddable":true,"href":"https:\/\/aynatasarim.com\/en\/wp-json\/wp\/v2\/product_cat?post=3237"},{"taxonomy":"product_tag","embeddable":true,"href":"https:\/\/aynatasarim.com\/en\/wp-json\/wp\/v2\/product_tag?post=3237"}],"curies":[{"name":"wp","href":"https:\/\/api.w.org\/{rel}","templated":true}]}}