{"id":3231,"date":"2023-04-14T10:10:29","date_gmt":"2023-04-14T07:10:29","guid":{"rendered":"https:\/\/aynatasarim.com\/?post_type=product&#038;p=3231"},"modified":"2023-04-27T14:14:08","modified_gmt":"2023-04-27T11:14:08","slug":"model1009","status":"publish","type":"product","link":"https:\/\/aynatasarim.com\/en\/product\/model1009\/","title":{"rendered":"Bak\u0131r Rengi Metal \u00c7er\u00e7eve Ayna (140&#215;60)"},"content":{"rendered":"<p>Metal \u00e7er\u00e7eveli ayna. \u00d6l\u00e7\u00fc: 140&#215;60<br \/>\nBak\u0131r rengi<br \/>\nMateryal: Al\u00fcminyum, kur\u015funsuz ayna, siyah folyo<\/p>\n<p>Kendi \u00fcretimimiz.<\/p>","protected":false},"excerpt":{"rendered":"<p>60 x 140 cm Al\u00fcminyum boy aynas\u0131. \u00c7ok \u015f\u0131k ve zarif bir g\u00f6r\u00fcn\u00fcme sahip, kaliteli i\u015f\u00e7ilik. G\u00fcvenlik ama\u00e7l\u0131 folyo \u00e7ekildi aynan\u0131n arkas\u0131na, b\u00f6ylece k\u0131r\u0131lsa bile da\u011f\u0131lmaz. Lead-free sertifikal\u0131 ayna (kur\u015funsuz ayna)<br \/>\nMetal \u00e7er\u00e7eveli ayna. \u00d6l\u00e7\u00fc: 140&#215;60<br \/>\nBak\u0131r rengi<br \/>\nMateryal: Al\u00fcminyum, kur\u015funsuz ayna, siyah folyo<\/p>","protected":false},"featured_media":3236,"comment_status":"open","ping_status":"closed","template":"","meta":[],"product_brand":[],"product_cat":[26],"product_tag":[],"class_list":{"0":"post-3231","1":"product","2":"type-product","3":"status-publish","4":"has-post-thumbnail","6":"product_cat-metal-cerceveliler","8":"first","9":"onbackorder","10":"sale","11":"shipping-taxable","12":"product-type-simple"},"_links":{"self":[{"href":"https:\/\/aynatasarim.com\/en\/wp-json\/wp\/v2\/product\/3231","targetHints":{"allow":["GET"]}}],"collection":[{"href":"https:\/\/aynatasarim.com\/en\/wp-json\/wp\/v2\/product"}],"about":[{"href":"https:\/\/aynatasarim.com\/en\/wp-json\/wp\/v2\/types\/product"}],"replies":[{"embeddable":true,"href":"https:\/\/aynatasarim.com\/en\/wp-json\/wp\/v2\/comments?post=3231"}],"wp:featuredmedia":[{"embeddable":true,"href":"https:\/\/aynatasarim.com\/en\/wp-json\/wp\/v2\/media\/3236"}],"wp:attachment":[{"href":"https:\/\/aynatasarim.com\/en\/wp-json\/wp\/v2\/media?parent=3231"}],"wp:term":[{"taxonomy":"product_brand","embeddable":true,"href":"https:\/\/aynatasarim.com\/en\/wp-json\/wp\/v2\/product_brand?post=3231"},{"taxonomy":"product_cat","embeddable":true,"href":"https:\/\/aynatasarim.com\/en\/wp-json\/wp\/v2\/product_cat?post=3231"},{"taxonomy":"product_tag","embeddable":true,"href":"https:\/\/aynatasarim.com\/en\/wp-json\/wp\/v2\/product_tag?post=3231"}],"curies":[{"name":"wp","href":"https:\/\/api.w.org\/{rel}","templated":true}]}}