{"id":3212,"date":"2023-04-11T16:57:56","date_gmt":"2023-04-11T13:57:56","guid":{"rendered":"https:\/\/aynatasarim.com\/?post_type=product&#038;p=3212"},"modified":"2023-04-27T14:35:55","modified_gmt":"2023-04-27T11:35:55","slug":"model1017","status":"publish","type":"product","link":"https:\/\/aynatasarim.com\/en\/product\/model1017\/","title":{"rendered":"Metal \u00c7er\u00e7eve 80X80 Bak\u0131r Rengi"},"content":{"rendered":"<p>80 x 80 cm Al\u00fcminyum boy aynas\u0131. Bak\u0131r Rengi. \u00c7ok \u015f\u0131k ve zarif bir g\u00f6r\u00fcn\u00fcme sahip, kaliteli i\u015f\u00e7ilik. G\u00fcvenlik ama\u00e7l\u0131 folyo \u00e7ekildi aynan\u0131n arkas\u0131na, b\u00f6ylece k\u0131r\u0131lsa bile da\u011f\u0131lmaz. Lead-free sertifikal\u0131 ayna (kur\u015funsuz ayna)<\/p>","protected":false},"excerpt":{"rendered":"<p>80 x 80 cm Al\u00fcminyum boy aynas\u0131. Bak\u0131r Rengi. \u00c7ok \u015f\u0131k ve zarif bir g\u00f6r\u00fcn\u00fcme sahip, kaliteli i\u015f\u00e7ilik. G\u00fcvenlik ama\u00e7l\u0131 folyo \u00e7ekildi aynan\u0131n arkas\u0131na, b\u00f6ylece k\u0131r\u0131lsa bile da\u011f\u0131lmaz. Lead-free sertifikal\u0131 ayna (kur\u015funsuz ayna)<\/p>","protected":false},"featured_media":3217,"comment_status":"open","ping_status":"closed","template":"","meta":[],"product_brand":[],"product_cat":[26],"product_tag":[50,51,49],"class_list":{"0":"post-3212","1":"product","2":"type-product","3":"status-publish","4":"has-post-thumbnail","6":"product_cat-metal-cerceveliler","7":"product_tag-ayna","8":"product_tag-duvar-aynasi","9":"product_tag-mirror","11":"first","12":"instock","13":"sale","14":"shipping-taxable","15":"product-type-simple"},"_links":{"self":[{"href":"https:\/\/aynatasarim.com\/en\/wp-json\/wp\/v2\/product\/3212","targetHints":{"allow":["GET"]}}],"collection":[{"href":"https:\/\/aynatasarim.com\/en\/wp-json\/wp\/v2\/product"}],"about":[{"href":"https:\/\/aynatasarim.com\/en\/wp-json\/wp\/v2\/types\/product"}],"replies":[{"embeddable":true,"href":"https:\/\/aynatasarim.com\/en\/wp-json\/wp\/v2\/comments?post=3212"}],"wp:featuredmedia":[{"embeddable":true,"href":"https:\/\/aynatasarim.com\/en\/wp-json\/wp\/v2\/media\/3217"}],"wp:attachment":[{"href":"https:\/\/aynatasarim.com\/en\/wp-json\/wp\/v2\/media?parent=3212"}],"wp:term":[{"taxonomy":"product_brand","embeddable":true,"href":"https:\/\/aynatasarim.com\/en\/wp-json\/wp\/v2\/product_brand?post=3212"},{"taxonomy":"product_cat","embeddable":true,"href":"https:\/\/aynatasarim.com\/en\/wp-json\/wp\/v2\/product_cat?post=3212"},{"taxonomy":"product_tag","embeddable":true,"href":"https:\/\/aynatasarim.com\/en\/wp-json\/wp\/v2\/product_tag?post=3212"}],"curies":[{"name":"wp","href":"https:\/\/api.w.org\/{rel}","templated":true}]}}