{"id":3184,"date":"2023-04-11T16:17:47","date_gmt":"2023-04-11T13:17:47","guid":{"rendered":"https:\/\/aynatasarim.com\/?post_type=product&#038;p=3184"},"modified":"2025-06-13T09:43:53","modified_gmt":"2025-06-13T06:43:53","slug":"model1026","status":"publish","type":"product","link":"https:\/\/aynatasarim.com\/en\/product\/model1026\/","title":{"rendered":"Beyaz \u00c7er\u00e7eveli Vintage Ayna"},"content":{"rendered":"<p>Beyaz \u00c7er\u00e7eveli Vintage Ayna, ah\u015fap mdf \u00e7erve kullan\u0131lm\u0131\u015ft\u0131r. Kaliteli i\u015f\u00e7ilik ve boyama yap\u0131lm\u0131\u015ft\u0131r. Kur\u015funsuz ayna kullan\u0131lm\u0131\u015ft\u0131r.<br \/>\n\u00d6l\u00e7\u00fc: 100&#215;118<\/p>","protected":false},"excerpt":{"rendered":"<p>Beyaz \u00c7er\u00e7eveli Vintage Ayna, ah\u015fap mdf \u00e7erve kullan\u0131lm\u0131\u015ft\u0131r. Kaliteli i\u015f\u00e7ilik ve boyama yap\u0131lm\u0131\u015ft\u0131r. Kur\u015funsuz ayna kullan\u0131lm\u0131\u015ft\u0131r.<br \/>\n\u00d6l\u00e7\u00fc: 100&#215;118<\/p>","protected":false},"featured_media":3189,"comment_status":"open","ping_status":"closed","template":"","meta":[],"product_brand":[],"product_cat":[35],"product_tag":[50,51,49],"class_list":{"0":"post-3184","1":"product","2":"type-product","3":"status-publish","4":"has-post-thumbnail","6":"product_cat-ahsap-mdf","7":"product_tag-ayna","8":"product_tag-duvar-aynasi","9":"product_tag-mirror","11":"first","12":"instock","13":"sale","14":"shipping-taxable","15":"product-type-simple"},"_links":{"self":[{"href":"https:\/\/aynatasarim.com\/en\/wp-json\/wp\/v2\/product\/3184","targetHints":{"allow":["GET"]}}],"collection":[{"href":"https:\/\/aynatasarim.com\/en\/wp-json\/wp\/v2\/product"}],"about":[{"href":"https:\/\/aynatasarim.com\/en\/wp-json\/wp\/v2\/types\/product"}],"replies":[{"embeddable":true,"href":"https:\/\/aynatasarim.com\/en\/wp-json\/wp\/v2\/comments?post=3184"}],"wp:featuredmedia":[{"embeddable":true,"href":"https:\/\/aynatasarim.com\/en\/wp-json\/wp\/v2\/media\/3189"}],"wp:attachment":[{"href":"https:\/\/aynatasarim.com\/en\/wp-json\/wp\/v2\/media?parent=3184"}],"wp:term":[{"taxonomy":"product_brand","embeddable":true,"href":"https:\/\/aynatasarim.com\/en\/wp-json\/wp\/v2\/product_brand?post=3184"},{"taxonomy":"product_cat","embeddable":true,"href":"https:\/\/aynatasarim.com\/en\/wp-json\/wp\/v2\/product_cat?post=3184"},{"taxonomy":"product_tag","embeddable":true,"href":"https:\/\/aynatasarim.com\/en\/wp-json\/wp\/v2\/product_tag?post=3184"}],"curies":[{"name":"wp","href":"https:\/\/api.w.org\/{rel}","templated":true}]}}