{"id":3178,"date":"2023-04-11T16:12:07","date_gmt":"2023-04-11T13:12:07","guid":{"rendered":"https:\/\/aynatasarim.com\/?post_type=product&#038;p=3178"},"modified":"2025-10-14T13:16:47","modified_gmt":"2025-10-14T10:16:47","slug":"model122","status":"publish","type":"product","link":"https:\/\/aynatasarim.com\/en\/product\/model122\/","title":{"rendered":"Varak G\u00f6r\u00fcn\u00fcml\u00fc Ayna"},"content":{"rendered":"<p>Ah\u015fap Mdf \u00c7er\u00e7eve. Kaliteli i\u015f\u00e7ilik ve boya. Kur\u015funsuz ayna kullan\u0131lm\u0131lt\u0131r.<br \/>\n96&#215;111 cm<\/p>","protected":false},"excerpt":{"rendered":"<p>Ah\u015fap Mdf \u00c7er\u00e7eve. Kaliteli i\u015f\u00e7ilik ve boya. Kur\u015funsuz ayna kullan\u0131lm\u0131lt\u0131r. 96&#215;111 cm<\/p>","protected":false},"featured_media":3522,"comment_status":"open","ping_status":"closed","template":"","meta":[],"product_brand":[],"product_cat":[35],"product_tag":[51,49],"class_list":{"0":"post-3178","1":"product","2":"type-product","3":"status-publish","4":"has-post-thumbnail","6":"product_cat-ahsap-mdf","7":"product_tag-duvar-aynasi","8":"product_tag-mirror","10":"first","11":"onbackorder","12":"sale","13":"shipping-taxable","14":"product-type-simple"},"_links":{"self":[{"href":"https:\/\/aynatasarim.com\/en\/wp-json\/wp\/v2\/product\/3178","targetHints":{"allow":["GET"]}}],"collection":[{"href":"https:\/\/aynatasarim.com\/en\/wp-json\/wp\/v2\/product"}],"about":[{"href":"https:\/\/aynatasarim.com\/en\/wp-json\/wp\/v2\/types\/product"}],"replies":[{"embeddable":true,"href":"https:\/\/aynatasarim.com\/en\/wp-json\/wp\/v2\/comments?post=3178"}],"wp:featuredmedia":[{"embeddable":true,"href":"https:\/\/aynatasarim.com\/en\/wp-json\/wp\/v2\/media\/3522"}],"wp:attachment":[{"href":"https:\/\/aynatasarim.com\/en\/wp-json\/wp\/v2\/media?parent=3178"}],"wp:term":[{"taxonomy":"product_brand","embeddable":true,"href":"https:\/\/aynatasarim.com\/en\/wp-json\/wp\/v2\/product_brand?post=3178"},{"taxonomy":"product_cat","embeddable":true,"href":"https:\/\/aynatasarim.com\/en\/wp-json\/wp\/v2\/product_cat?post=3178"},{"taxonomy":"product_tag","embeddable":true,"href":"https:\/\/aynatasarim.com\/en\/wp-json\/wp\/v2\/product_tag?post=3178"}],"curies":[{"name":"wp","href":"https:\/\/api.w.org\/{rel}","templated":true}]}}