{"id":3163,"date":"2023-04-11T15:50:09","date_gmt":"2023-04-11T12:50:09","guid":{"rendered":"https:\/\/aynatasarim.com\/?post_type=product&#038;p=3163"},"modified":"2025-07-03T13:06:56","modified_gmt":"2025-07-03T10:06:56","slug":"model1031","status":"publish","type":"product","link":"https:\/\/aynatasarim.com\/en\/product\/model1031\/","title":{"rendered":"Led Deer Motif Mirror"},"content":{"rendered":"<p>Led \u0131\u015f\u0131kl\u0131 \u00f6zel \u00fcretim ayna. Samsung marka led \u0131\u015f\u0131klar kullan\u0131lm\u0131\u015ft\u0131r. Arkada kaliteli ah\u015fap mdf kullan\u0131lm\u0131\u015ft\u0131r. Kanal a\u00e7\u0131larak ayna \u00fczerine desen i\u015flenmi\u015ftir.<br \/>\n\u00f6l\u00e7\u00fc: 70&#215;120<br \/>\nKur\u015funsuz ayna, ah\u015fap mdf, samsung led ayd\u0131nlatma<\/p>","protected":false},"excerpt":{"rendered":"<p>Led \u0131\u015f\u0131kl\u0131 \u00f6zel \u00fcretim ayna. Samsung marka led \u0131\u015f\u0131klar kullan\u0131lm\u0131\u015ft\u0131r. Arkada kaliteli ah\u015fap mdf kullan\u0131lm\u0131\u015ft\u0131r. Kanal a\u00e7\u0131larak ayna \u00fczerine desen i\u015flenmi\u015ftir.<br \/>\n\u00f6l\u00e7\u00fc: 70&#215;120<\/p>","protected":false},"featured_media":3524,"comment_status":"open","ping_status":"closed","template":"","meta":[],"product_brand":[],"product_cat":[32],"product_tag":[50,51,49],"class_list":{"0":"post-3163","1":"product","2":"type-product","3":"status-publish","4":"has-post-thumbnail","6":"product_cat-desen-isleme","7":"product_tag-ayna","8":"product_tag-duvar-aynasi","9":"product_tag-mirror","11":"first","12":"instock","13":"sale","14":"shipping-taxable","15":"product-type-simple"},"_links":{"self":[{"href":"https:\/\/aynatasarim.com\/en\/wp-json\/wp\/v2\/product\/3163","targetHints":{"allow":["GET"]}}],"collection":[{"href":"https:\/\/aynatasarim.com\/en\/wp-json\/wp\/v2\/product"}],"about":[{"href":"https:\/\/aynatasarim.com\/en\/wp-json\/wp\/v2\/types\/product"}],"replies":[{"embeddable":true,"href":"https:\/\/aynatasarim.com\/en\/wp-json\/wp\/v2\/comments?post=3163"}],"wp:featuredmedia":[{"embeddable":true,"href":"https:\/\/aynatasarim.com\/en\/wp-json\/wp\/v2\/media\/3524"}],"wp:attachment":[{"href":"https:\/\/aynatasarim.com\/en\/wp-json\/wp\/v2\/media?parent=3163"}],"wp:term":[{"taxonomy":"product_brand","embeddable":true,"href":"https:\/\/aynatasarim.com\/en\/wp-json\/wp\/v2\/product_brand?post=3163"},{"taxonomy":"product_cat","embeddable":true,"href":"https:\/\/aynatasarim.com\/en\/wp-json\/wp\/v2\/product_cat?post=3163"},{"taxonomy":"product_tag","embeddable":true,"href":"https:\/\/aynatasarim.com\/en\/wp-json\/wp\/v2\/product_tag?post=3163"}],"curies":[{"name":"wp","href":"https:\/\/api.w.org\/{rel}","templated":true}]}}