{"id":3149,"date":"2023-04-11T15:09:30","date_gmt":"2023-04-11T12:09:30","guid":{"rendered":"https:\/\/aynatasarim.com\/?post_type=product&#038;p=3149"},"modified":"2023-04-27T14:33:14","modified_gmt":"2023-04-27T11:33:14","slug":"model1029","status":"publish","type":"product","link":"https:\/\/aynatasarim.com\/en\/product\/model1029\/","title":{"rendered":"Punkah Ayna"},"content":{"rendered":"<p>Forma rodaj yap\u0131larak aynalara \u015fekil verilmi\u015ftir. Ayna arkas\u0131nda kaliteli ah\u015fap mdf kullan\u0131ld\u0131. Kaliteli i\u015f\u00e7ilik ve boya (ah\u015fap mdf)<br \/>\n\u00f6l\u00e7\u00fc: 80&#215;65 cm<\/p>","protected":false},"excerpt":{"rendered":"<p>Forma rodaj yap\u0131larak aynalara \u015fekil verilmi\u015ftir. Ayna arkas\u0131nda kaliteli ah\u015fap mdf kullan\u0131ld\u0131. Kaliteli i\u015f\u00e7ilik ve boya (ah\u015fap mdf)<br \/>\n\u00f6l\u00e7\u00fc: 80&#215;65 cm<\/p>","protected":false},"featured_media":3152,"comment_status":"open","ping_status":"closed","template":"","meta":[],"product_brand":[],"product_cat":[32],"product_tag":[50,51,49],"class_list":{"0":"post-3149","1":"product","2":"type-product","3":"status-publish","4":"has-post-thumbnail","6":"product_cat-desen-isleme","7":"product_tag-ayna","8":"product_tag-duvar-aynasi","9":"product_tag-mirror","11":"first","12":"instock","13":"sale","14":"shipping-taxable","15":"product-type-simple"},"_links":{"self":[{"href":"https:\/\/aynatasarim.com\/en\/wp-json\/wp\/v2\/product\/3149","targetHints":{"allow":["GET"]}}],"collection":[{"href":"https:\/\/aynatasarim.com\/en\/wp-json\/wp\/v2\/product"}],"about":[{"href":"https:\/\/aynatasarim.com\/en\/wp-json\/wp\/v2\/types\/product"}],"replies":[{"embeddable":true,"href":"https:\/\/aynatasarim.com\/en\/wp-json\/wp\/v2\/comments?post=3149"}],"wp:featuredmedia":[{"embeddable":true,"href":"https:\/\/aynatasarim.com\/en\/wp-json\/wp\/v2\/media\/3152"}],"wp:attachment":[{"href":"https:\/\/aynatasarim.com\/en\/wp-json\/wp\/v2\/media?parent=3149"}],"wp:term":[{"taxonomy":"product_brand","embeddable":true,"href":"https:\/\/aynatasarim.com\/en\/wp-json\/wp\/v2\/product_brand?post=3149"},{"taxonomy":"product_cat","embeddable":true,"href":"https:\/\/aynatasarim.com\/en\/wp-json\/wp\/v2\/product_cat?post=3149"},{"taxonomy":"product_tag","embeddable":true,"href":"https:\/\/aynatasarim.com\/en\/wp-json\/wp\/v2\/product_tag?post=3149"}],"curies":[{"name":"wp","href":"https:\/\/api.w.org\/{rel}","templated":true}]}}