{"id":3123,"date":"2023-04-11T14:51:34","date_gmt":"2023-04-11T11:51:34","guid":{"rendered":"https:\/\/aynatasarim.com\/?post_type=product&#038;p=3123"},"modified":"2025-06-13T09:45:33","modified_gmt":"2025-06-13T06:45:33","slug":"model1008","status":"publish","type":"product","link":"https:\/\/aynatasarim.com\/en\/product\/model1008\/","title":{"rendered":"Eli Belinde Ayna"},"content":{"rendered":"<p>Eli Belinde motifi kanal a\u00e7\u0131larak aynaya i\u015flenmi\u015ftir.<\/p>\n<p>70 x 120 cm<\/p>\n<p>Lead-free sertifikal\u0131 ayna (kur\u015funsuz ayna) \u00c7er\u00e7eve \u00f6n y\u00fczden g\u00f6r\u00fcnmez, arka y\u00fczde yer al\u0131r b\u00f6ylece daha zarif ve duru bir g\u00f6r\u00fcnt\u00fc elde edilmi\u015f olur. Arkada kullan\u0131lan \u00e7er\u00e7evenin kal\u0131n ve kaliteli bir duru\u015fu vard\u0131r. \u00d6m\u00fcrl\u00fck bir dekoratif ayna.<\/p>\n<p>Eli Belinde do\u011furganl\u0131\u011f\u0131n ve anneli\u011fin sembol\u00fcd\u00fcr; ayn\u0131 zamanda \u015fans\u0131, bollu\u011fu, talihi, mutlulu\u011fu ve ne\u015feyi temsil eder. Dikkatli bak\u0131ld\u0131\u011f\u0131nda g\u00fcc\u00fc ve bollu\u011fu temsil eden ko\u00e7 boynuzu ile do\u011furganl\u0131\u011f\u0131, di\u015fil g\u00fcc\u00fc, toprak anay\u0131 ve kuvveti temsil eden eli belinde kad\u0131n fig\u00fcr\u00fcn\u00fc g\u00f6r\u00fcr\u00fcs\u00fcn\u00fcz. Ortadaki \u015fekil (a\u00e7\u0131 olu\u015fumu) ise nazara kar\u015f\u0131 korumay\u0131 temsil eder. Anadolu insan\u0131 kilimlerinde, duvar dekorlar\u0131nda, tah\u0131llar\u0131n\u0131 ta\u015f\u0131d\u0131klar\u0131 \u00e7uvallar\u0131n \u00fcst\u00fcnde koruma ve bereket i\u00e7in bu fig\u00fcr\u00fc kullanm\u0131\u015ft\u0131r .<\/p>\n<p>Eli Belinde aynam\u0131z &#8220;kutsal geometri&#8221; serimiz i\u00e7erisinde yer almaktad\u0131r.<\/p>\n<p>&#8220;Kutsal geometri, her \u015feyi yaratan ve birle\u015ftiren enerji kal\u0131plar\u0131n\u0131 ara\u015ft\u0131ran ve a\u00e7\u0131klayan ve yarad\u0131l\u0131\u015f\u0131n enerjisinin kendini nas\u0131l organize etti\u011fini tam olarak ortaya koyan kadim bir bilim olarak kabul edilir. Her do\u011fal b\u00fcy\u00fcme veya hareket modelinin bir veya daha fazla geometrik \u015fekil ile ortaya \u00e7\u0131kt\u0131\u011f\u0131 ve form ald\u0131\u011f\u0131 s\u00f6ylenir.<\/p>\n<p>DNA&#8217;m\u0131z\u0131n molek\u00fclleri, g\u00f6z\u00fcm\u00fcz\u00fcn korneas\u0131, kar taneleri, \u00e7i\u00e7ek ta\u00e7 yapraklar\u0131, kristaller, kabuk, y\u0131ld\u0131zlar, i\u00e7inde spiral \u00e7izdi\u011fimiz galaksi, soludu\u011fumuz hava ve t\u00fcm canl\u0131lar geometrik kodlardan yarat\u0131lm\u0131\u015ft\u0131r.<\/p>\n<p>Kutsal geometri gibi semboller, ya\u015fam yolculu\u011funuzda size yard\u0131mc\u0131 olan kodlar gibidir, ayn\u0131 zamanda ilahi \u00f6z\u00fcm\u00fczle ba\u011flant\u0131 kurmak i\u00e7in daha bilin\u00e7li bir \u015fekilde kullan\u0131labilir. \u00c7evremizdeki, d\u00fcnyadaki t\u00fcm ya\u015fam\u0131n birli\u011fi ile ba\u011flant\u0131 kurmaya yard\u0131mc\u0131 olur.<\/p>\n<p>Kutsal geometri, her d\u00fczeyde iyile\u015ftirme, uyumla\u015ft\u0131rma ve yeniden dengelemenin belirli etkilerini beraberinde getirir. \u0130\u00e7i ve d\u0131\u015f\u0131 birbirine ba\u011flar, hepsini birle\u015ftirir.&#8221; (https:\/\/destinationdeluxe.com\/sacred-geometry-explained-healing-benefits\/)<\/p>\n<p>\u00c7evrenizde bu \u015fekilleri bulundurman\u0131z size bu dengeyi hat\u0131rlat\u0131r.<\/p>","protected":false},"excerpt":{"rendered":"<p>Eli Belinde motifi kanal a\u00e7\u0131larak aynaya i\u015flenmi\u015ftir. 70 x 120 cm Lead-free sertifikal\u0131 ayna (kur\u015funsuz ayna) \u00c7er\u00e7eve \u00f6n y\u00fczden g\u00f6r\u00fcnmez, arka y\u00fczde yer al\u0131r b\u00f6ylece daha zarif ve duru bir g\u00f6r\u00fcnt\u00fc elde edilmi\u015f olur. Arkada kullan\u0131lan \u00e7er\u00e7evenin kal\u0131n ve kaliteli bir duru\u015fu vard\u0131r. \u00d6m\u00fcrl\u00fck bir dekoratif ayna. Eli Belinde do\u011furganl\u0131\u011f\u0131n ve anneli\u011fin sembol\u00fcd\u00fcr; ayn\u0131 zamanda&#8230;<\/p>","protected":false},"featured_media":3128,"comment_status":"open","ping_status":"closed","template":"","meta":[],"product_brand":[],"product_cat":[32],"product_tag":[50,51,49],"class_list":{"0":"post-3123","1":"product","2":"type-product","3":"status-publish","4":"has-post-thumbnail","6":"product_cat-desen-isleme","7":"product_tag-ayna","8":"product_tag-duvar-aynasi","9":"product_tag-mirror","11":"first","12":"instock","13":"sale","14":"shipping-taxable","15":"product-type-simple"},"_links":{"self":[{"href":"https:\/\/aynatasarim.com\/en\/wp-json\/wp\/v2\/product\/3123","targetHints":{"allow":["GET"]}}],"collection":[{"href":"https:\/\/aynatasarim.com\/en\/wp-json\/wp\/v2\/product"}],"about":[{"href":"https:\/\/aynatasarim.com\/en\/wp-json\/wp\/v2\/types\/product"}],"replies":[{"embeddable":true,"href":"https:\/\/aynatasarim.com\/en\/wp-json\/wp\/v2\/comments?post=3123"}],"wp:featuredmedia":[{"embeddable":true,"href":"https:\/\/aynatasarim.com\/en\/wp-json\/wp\/v2\/media\/3128"}],"wp:attachment":[{"href":"https:\/\/aynatasarim.com\/en\/wp-json\/wp\/v2\/media?parent=3123"}],"wp:term":[{"taxonomy":"product_brand","embeddable":true,"href":"https:\/\/aynatasarim.com\/en\/wp-json\/wp\/v2\/product_brand?post=3123"},{"taxonomy":"product_cat","embeddable":true,"href":"https:\/\/aynatasarim.com\/en\/wp-json\/wp\/v2\/product_cat?post=3123"},{"taxonomy":"product_tag","embeddable":true,"href":"https:\/\/aynatasarim.com\/en\/wp-json\/wp\/v2\/product_tag?post=3123"}],"curies":[{"name":"wp","href":"https:\/\/api.w.org\/{rel}","templated":true}]}}