{"id":3111,"date":"2023-04-11T14:43:26","date_gmt":"2023-04-11T11:43:26","guid":{"rendered":"https:\/\/aynatasarim.com\/?post_type=product&#038;p=3111"},"modified":"2025-07-03T13:00:08","modified_gmt":"2025-07-03T10:00:08","slug":"model1007","status":"publish","type":"product","link":"https:\/\/aynatasarim.com\/en\/product\/model1007\/","title":{"rendered":"Sun Rays Mirror"},"content":{"rendered":"<p>\u00f6l\u00e7\u00fc: 70x120cm<\/p>\n<p>Lead-free sertifikal\u0131 ayna (kur\u015funsuz ayna) \u00d6n tarafta \u00e7er\u00e7eve g\u00f6r\u00fcnmez, arkada yer al\u0131r. \u015e\u0131k ve temiz bir g\u00f6r\u00fcnt\u00fc verir. Aynan\u0131n arka y\u00fcz\u00fcnde yer alan \u00e7er\u00e7eve 18 mm kal\u0131nl\u0131\u011f\u0131ndad\u0131r ve kalite bir duru\u015fu vard\u0131r.<\/p>\n<p>Sun Rays aynam\u0131z &#8220;kutsal geometri&#8221; serimiz i\u00e7erisinde yer almaktad\u0131r.<\/p>\n<p>&#8220;Kutsal geometri, her \u015feyi yaratan ve birle\u015ftiren enerji kal\u0131plar\u0131n\u0131 ara\u015ft\u0131ran ve a\u00e7\u0131klayan ve yarad\u0131l\u0131\u015f\u0131n enerjisinin kendini nas\u0131l organize etti\u011fini tam olarak ortaya koyan kadim bir bilim olarak kabul edilir. Her do\u011fal b\u00fcy\u00fcme veya hareket modelinin bir veya daha fazla geometrik \u015fekil ile ortaya \u00e7\u0131kt\u0131\u011f\u0131 ve form ald\u0131\u011f\u0131 s\u00f6ylenir.<\/p>\n<p>DNA&#8217;m\u0131z\u0131n molek\u00fclleri, g\u00f6z\u00fcm\u00fcz\u00fcn korneas\u0131, kar taneleri, \u00e7i\u00e7ek ta\u00e7 yapraklar\u0131, kristaller, kabuk, y\u0131ld\u0131zlar, i\u00e7inde spiral \u00e7izdi\u011fimiz galaksi, soludu\u011fumuz hava ve t\u00fcm canl\u0131lar geometrik kodlardan yarat\u0131lm\u0131\u015ft\u0131r.<\/p>\n<p>Kutsal geometri gibi semboller, ya\u015fam yolculu\u011funuzda size yard\u0131mc\u0131 olan kodlar gibidir, ayn\u0131 zamanda ilahi \u00f6z\u00fcm\u00fczle ba\u011flant\u0131 kurmak i\u00e7in daha bilin\u00e7li bir \u015fekilde kullan\u0131labilir. \u00c7evremizdeki, d\u00fcnyadaki t\u00fcm ya\u015fam\u0131n birli\u011fi ile ba\u011flant\u0131 kurmaya yard\u0131mc\u0131 olur.<\/p>\n<p>Kutsal geometri, her d\u00fczeyde iyile\u015ftirme, uyumla\u015ft\u0131rma ve yeniden dengelemenin belirli etkilerini beraberinde getirir. \u0130\u00e7i ve d\u0131\u015f\u0131 birbirine ba\u011flar, hepsini birle\u015ftirir.&#8221; (https:\/\/destinationdeluxe.com\/sacred-geometry-explained-healing-benefits\/)<\/p>\n<p>\u00c7evrenizde bu \u015fekilleri bulundurman\u0131z size bu dengeyi hat\u0131rlat\u0131r.<\/p>","protected":false},"excerpt":{"rendered":"<p>\u00f6l\u00e7\u00fc: 70x120cm Lead-free sertifikal\u0131 ayna (kur\u015funsuz ayna) \u00d6n tarafta \u00e7er\u00e7eve g\u00f6r\u00fcnmez, arkada yer al\u0131r. \u015e\u0131k ve temiz bir g\u00f6r\u00fcnt\u00fc verir. Aynan\u0131n arka y\u00fcz\u00fcnde yer alan \u00e7er\u00e7eve 18 mm kal\u0131nl\u0131\u011f\u0131ndad\u0131r ve kalite bir duru\u015fu vard\u0131r. Sun Rays aynam\u0131z &#8220;kutsal geometri&#8221; serimiz i\u00e7erisinde yer almaktad\u0131r. &#8220;Kutsal geometri, her \u015feyi yaratan ve birle\u015ftiren enerji kal\u0131plar\u0131n\u0131 ara\u015ft\u0131ran ve a\u00e7\u0131klayan&#8230;<\/p>","protected":false},"featured_media":3521,"comment_status":"open","ping_status":"closed","template":"","meta":[],"product_brand":[],"product_cat":[32],"product_tag":[50,51,49],"class_list":{"0":"post-3111","1":"product","2":"type-product","3":"status-publish","4":"has-post-thumbnail","6":"product_cat-desen-isleme","7":"product_tag-ayna","8":"product_tag-duvar-aynasi","9":"product_tag-mirror","11":"first","12":"instock","13":"sale","14":"shipping-taxable","15":"product-type-simple"},"_links":{"self":[{"href":"https:\/\/aynatasarim.com\/en\/wp-json\/wp\/v2\/product\/3111","targetHints":{"allow":["GET"]}}],"collection":[{"href":"https:\/\/aynatasarim.com\/en\/wp-json\/wp\/v2\/product"}],"about":[{"href":"https:\/\/aynatasarim.com\/en\/wp-json\/wp\/v2\/types\/product"}],"replies":[{"embeddable":true,"href":"https:\/\/aynatasarim.com\/en\/wp-json\/wp\/v2\/comments?post=3111"}],"wp:featuredmedia":[{"embeddable":true,"href":"https:\/\/aynatasarim.com\/en\/wp-json\/wp\/v2\/media\/3521"}],"wp:attachment":[{"href":"https:\/\/aynatasarim.com\/en\/wp-json\/wp\/v2\/media?parent=3111"}],"wp:term":[{"taxonomy":"product_brand","embeddable":true,"href":"https:\/\/aynatasarim.com\/en\/wp-json\/wp\/v2\/product_brand?post=3111"},{"taxonomy":"product_cat","embeddable":true,"href":"https:\/\/aynatasarim.com\/en\/wp-json\/wp\/v2\/product_cat?post=3111"},{"taxonomy":"product_tag","embeddable":true,"href":"https:\/\/aynatasarim.com\/en\/wp-json\/wp\/v2\/product_tag?post=3111"}],"curies":[{"name":"wp","href":"https:\/\/api.w.org\/{rel}","templated":true}]}}