{"id":3053,"date":"2023-04-06T15:44:35","date_gmt":"2023-04-06T12:44:35","guid":{"rendered":"https:\/\/aynatasarim.com\/?post_type=product&#038;p=3053"},"modified":"2025-06-04T09:26:11","modified_gmt":"2025-06-04T06:26:11","slug":"model1030","status":"publish","type":"product","link":"https:\/\/aynatasarim.com\/en\/product\/model1030\/","title":{"rendered":"Boho White Framed Mirror"},"content":{"rendered":"<p>Dimension 100\u00d7118 cm<\/p>\n<p>Boho Wooden Framed Mirror Lead-Free certified mirror (lead-free mirror) Foil pulled on the back of the mirror for safety purposes, so it won't shatter even if it breaks. Quality workmanship and material.<\/p>\n<p>Wood MDF is used.<\/p>\n<p>&nbsp;<\/p>","protected":false},"excerpt":{"rendered":"<p>\u00d6l\u00e7\u00fc: 100&#215;118 cm Boho Ah\u015fap \u00c7er\u00e7eveli Ayna Lead-Free sertifikal\u0131 ayna (kur\u015funsuz ayna) G\u00fcvenlik ama\u00e7l\u0131 folyo \u00e7ekildi aynan\u0131n arkas\u0131na, b\u00f6ylece k\u0131r\u0131lsa bile da\u011f\u0131lmaz. Kaliteli i\u015f\u00e7ilik ve malzeme. Ah\u015fap MDF kullan\u0131lm\u0131\u015ft\u0131r. &nbsp;<\/p>","protected":false},"featured_media":3065,"comment_status":"open","ping_status":"closed","template":"","meta":[],"product_brand":[],"product_cat":[35],"product_tag":[50,51,49],"class_list":{"0":"post-3053","1":"product","2":"type-product","3":"status-publish","4":"has-post-thumbnail","6":"product_cat-ahsap-mdf","7":"product_tag-ayna","8":"product_tag-duvar-aynasi","9":"product_tag-mirror","11":"first","12":"instock","13":"sale","14":"shipping-taxable","15":"product-type-simple"},"_links":{"self":[{"href":"https:\/\/aynatasarim.com\/en\/wp-json\/wp\/v2\/product\/3053","targetHints":{"allow":["GET"]}}],"collection":[{"href":"https:\/\/aynatasarim.com\/en\/wp-json\/wp\/v2\/product"}],"about":[{"href":"https:\/\/aynatasarim.com\/en\/wp-json\/wp\/v2\/types\/product"}],"replies":[{"embeddable":true,"href":"https:\/\/aynatasarim.com\/en\/wp-json\/wp\/v2\/comments?post=3053"}],"wp:featuredmedia":[{"embeddable":true,"href":"https:\/\/aynatasarim.com\/en\/wp-json\/wp\/v2\/media\/3065"}],"wp:attachment":[{"href":"https:\/\/aynatasarim.com\/en\/wp-json\/wp\/v2\/media?parent=3053"}],"wp:term":[{"taxonomy":"product_brand","embeddable":true,"href":"https:\/\/aynatasarim.com\/en\/wp-json\/wp\/v2\/product_brand?post=3053"},{"taxonomy":"product_cat","embeddable":true,"href":"https:\/\/aynatasarim.com\/en\/wp-json\/wp\/v2\/product_cat?post=3053"},{"taxonomy":"product_tag","embeddable":true,"href":"https:\/\/aynatasarim.com\/en\/wp-json\/wp\/v2\/product_tag?post=3053"}],"curies":[{"name":"wp","href":"https:\/\/api.w.org\/{rel}","templated":true}]}}