{"id":1573,"date":"2016-05-19T09:39:33","date_gmt":"2016-05-19T06:39:33","guid":{"rendered":"http:\/\/demo.yolotheme.com\/dummy\/sofani\/?post_type=product&#038;p=1573"},"modified":"2023-04-27T14:26:59","modified_gmt":"2023-04-27T11:26:59","slug":"model1002","status":"publish","type":"product","link":"https:\/\/aynatasarim.com\/en\/product\/model1002\/","title":{"rendered":"Pie Mirror"},"content":{"rendered":"<p>Pie Mirror<\/p>\n<p>70 cm<\/p>\n<p>3 renk ayna kullan\u0131lm\u0131\u015ft\u0131r; bronz, mavi ve d\u00fcz ayna. Aynalara bizote i\u015femi uygulanm\u0131\u015ft\u0131r. Arka k\u0131s\u0131mda 12 mm ah\u015fap mdf kullan\u0131ld\u0131. Arka \u00e7er\u00e7eveye kaliteli boya i\u015flemi uygulanm\u0131\u015ft\u0131r.<\/p>\n<p>Kendi \u00fcretimimiz.<\/p>","protected":false},"excerpt":{"rendered":"<p>&nbsp;<\/p>\n<p>&nbsp;<\/p>","protected":false},"featured_media":3014,"comment_status":"open","ping_status":"closed","template":"","meta":[],"product_brand":[],"product_cat":[32],"product_tag":[50,51,49],"class_list":{"0":"post-1573","1":"product","2":"type-product","3":"status-publish","4":"has-post-thumbnail","6":"product_cat-desen-isleme","7":"product_tag-ayna","8":"product_tag-duvar-aynasi","9":"product_tag-mirror","11":"first","12":"instock","13":"sale","14":"shipping-taxable","15":"product-type-simple"},"_links":{"self":[{"href":"https:\/\/aynatasarim.com\/en\/wp-json\/wp\/v2\/product\/1573","targetHints":{"allow":["GET"]}}],"collection":[{"href":"https:\/\/aynatasarim.com\/en\/wp-json\/wp\/v2\/product"}],"about":[{"href":"https:\/\/aynatasarim.com\/en\/wp-json\/wp\/v2\/types\/product"}],"replies":[{"embeddable":true,"href":"https:\/\/aynatasarim.com\/en\/wp-json\/wp\/v2\/comments?post=1573"}],"wp:featuredmedia":[{"embeddable":true,"href":"https:\/\/aynatasarim.com\/en\/wp-json\/wp\/v2\/media\/3014"}],"wp:attachment":[{"href":"https:\/\/aynatasarim.com\/en\/wp-json\/wp\/v2\/media?parent=1573"}],"wp:term":[{"taxonomy":"product_brand","embeddable":true,"href":"https:\/\/aynatasarim.com\/en\/wp-json\/wp\/v2\/product_brand?post=1573"},{"taxonomy":"product_cat","embeddable":true,"href":"https:\/\/aynatasarim.com\/en\/wp-json\/wp\/v2\/product_cat?post=1573"},{"taxonomy":"product_tag","embeddable":true,"href":"https:\/\/aynatasarim.com\/en\/wp-json\/wp\/v2\/product_tag?post=1573"}],"curies":[{"name":"wp","href":"https:\/\/api.w.org\/{rel}","templated":true}]}}