{"id":1553,"date":"2016-05-19T09:22:31","date_gmt":"2016-05-19T06:22:31","guid":{"rendered":"http:\/\/demo.yolotheme.com\/dummy\/sofani\/?post_type=product&#038;p=1553"},"modified":"2023-04-27T14:26:40","modified_gmt":"2023-04-27T11:26:40","slug":"model1037","status":"publish","type":"product","link":"https:\/\/aynatasarim.com\/en\/product\/model1037\/","title":{"rendered":"Oval Mirror (70\u00d7120 cm)"},"content":{"rendered":"<p>D\u00fcz oval ayna.<\/p>\n<p>\u00d6l\u00e7\u00fc: 70&#215;1200 cm.<\/p>\n<p>Kur\u015funsuz ayna kullan\u0131lm\u0131\u015ft\u0131r. \u00c7er\u00e7eve arkada yer almaktad\u0131r. 18 mm ah\u015fap mdf kullan\u0131lm\u0131\u015ft\u0131r. Kaliteli boya i\u015flemi yap\u0131lm\u0131\u015ft\u0131r. Kaliteli g\u00f6r\u00fcn\u00fcme sahiptir.<\/p>","protected":false},"excerpt":{"rendered":"<p>D\u00fcz oval ayna. \u00d6l\u00e7\u00fc: 70&#215;1200 cm. Kur\u015funsuz ayna kullan\u0131lm\u0131\u015ft\u0131r. \u00c7er\u00e7eve arkada yer almaktad\u0131r. 18 mm ah\u015fap mdf kullan\u0131lm\u0131\u015ft\u0131r. Kaliteli boya i\u015flemi yap\u0131lm\u0131\u015ft\u0131r. Kaliteli g\u00f6r\u00fcn\u00fcme sahiptir.<\/p>","protected":false},"featured_media":3021,"comment_status":"open","ping_status":"closed","template":"","meta":[],"product_brand":[],"product_cat":[32],"product_tag":[50,51,49],"class_list":{"0":"post-1553","1":"product","2":"type-product","3":"status-publish","4":"has-post-thumbnail","6":"product_cat-desen-isleme","7":"product_tag-ayna","8":"product_tag-duvar-aynasi","9":"product_tag-mirror","11":"first","12":"instock","13":"sale","14":"shipping-taxable","15":"product-type-simple"},"_links":{"self":[{"href":"https:\/\/aynatasarim.com\/en\/wp-json\/wp\/v2\/product\/1553","targetHints":{"allow":["GET"]}}],"collection":[{"href":"https:\/\/aynatasarim.com\/en\/wp-json\/wp\/v2\/product"}],"about":[{"href":"https:\/\/aynatasarim.com\/en\/wp-json\/wp\/v2\/types\/product"}],"replies":[{"embeddable":true,"href":"https:\/\/aynatasarim.com\/en\/wp-json\/wp\/v2\/comments?post=1553"}],"wp:featuredmedia":[{"embeddable":true,"href":"https:\/\/aynatasarim.com\/en\/wp-json\/wp\/v2\/media\/3021"}],"wp:attachment":[{"href":"https:\/\/aynatasarim.com\/en\/wp-json\/wp\/v2\/media?parent=1553"}],"wp:term":[{"taxonomy":"product_brand","embeddable":true,"href":"https:\/\/aynatasarim.com\/en\/wp-json\/wp\/v2\/product_brand?post=1553"},{"taxonomy":"product_cat","embeddable":true,"href":"https:\/\/aynatasarim.com\/en\/wp-json\/wp\/v2\/product_cat?post=1553"},{"taxonomy":"product_tag","embeddable":true,"href":"https:\/\/aynatasarim.com\/en\/wp-json\/wp\/v2\/product_tag?post=1553"}],"curies":[{"name":"wp","href":"https:\/\/api.w.org\/{rel}","templated":true}]}}