{"id":5,"date":"2022-03-03T22:54:10","date_gmt":"2022-03-03T22:54:10","guid":{"rendered":"https:\/\/startertemplatecloud.com\/sb01\/?page_id=5"},"modified":"2025-07-25T09:29:00","modified_gmt":"2025-07-25T06:29:00","slug":"anasayfa","status":"publish","type":"page","link":"https:\/\/aynatasarim.com\/en\/anasayfa\/","title":{"rendered":"Home"},"content":{"rendered":"<div class=\"wp-block-kadence-column kadence-column_ae55fe-b8 inner-column-1\"><div class=\"kt-inside-inner-col\">\n<div class=\"wp-block-kadence-spacer aligncenter kt-block-spacer-_34f98e-c0 kvs-lg-false kvs-md-false\"><div class=\"kt-block-spacer kt-block-spacer-halign-center\"><\/div><\/div>\n<\/div><\/div>\n\n\n\n<div class=\"wp-block-kadence-column kadence-column_4e99da-c5 kb-section-dir-vertical\"><div class=\"kt-inside-inner-col\">\n\n<div class=\"wp-block-kadence-column kadence-column_1fde36-65 inner-column-1\"><div class=\"kt-inside-inner-col\">\n<h2 class=\"kt-adv-heading_860efd-3f45 wp-block-kadence-advancedheading\" data-kb-block=\"kb-adv-heading_860efd-3f45\">Siz hayal edin, biz hayata ge\u00e7irelim.<\/h2>\n\n\n\n<h2 class=\"kt-adv-heading_2958ed-ec wp-block-kadence-advancedheading\" data-kb-block=\"kb-adv-heading_2958ed-ec\">Aynada Moda<\/h2>\n\n\n\n<h2 class=\"kt-adv-heading_f497d9-45 wp-block-kadence-advancedheading\" data-kb-block=\"kb-adv-heading_f497d9-45\">Arad\u0131\u011f\u0131n\u0131z \u015f\u0131kl\u0131k burada.<\/h2>\n\n\n\n<div class=\"wp-block-kadence-advancedbtn kb-buttons-wrap kb-btns_912b62-54\"><\/div>\n<\/div><\/div>\n\n<\/div><\/div>\n\n\n\n\n\n<div class=\"wp-block-kadence-column kadence-column_31c8ad-15 inner-column-1\"><div class=\"kt-inside-inner-col\">\n<h2 class=\"kt-adv-heading_b32122-b147 wp-block-kadence-advancedheading\" data-kb-block=\"kb-adv-heading_b32122-b147\">\u00dcr\u00fcn Kategorileri<\/h2>\n\n\n\n\n<div class=\"wp-block-kadence-column kadence-column_26756a-03 inner-column-1\"><div class=\"kt-inside-inner-col\">\n<figure class=\"wp-block-kadence-image kb-image_5cc61b-ac\"><img decoding=\"async\" width=\"1707\" height=\"2560\" data-src=\"https:\/\/aynatasarim.com\/wp-content\/uploads\/2023\/06\/12-scaled.jpg\" alt=\"\" class=\"kb-img wp-image-3398 lazyload\" title=\"\" data-srcset=\"https:\/\/aynatasarim.com\/wp-content\/uploads\/2023\/06\/12-scaled.jpg 1707w, https:\/\/aynatasarim.com\/wp-content\/uploads\/2023\/06\/12-scaled-600x900.jpg 600w, https:\/\/aynatasarim.com\/wp-content\/uploads\/2023\/06\/12-200x300.jpg 200w, https:\/\/aynatasarim.com\/wp-content\/uploads\/2023\/06\/12-683x1024.jpg 683w, https:\/\/aynatasarim.com\/wp-content\/uploads\/2023\/06\/12-768x1152.jpg 768w, https:\/\/aynatasarim.com\/wp-content\/uploads\/2023\/06\/12-1024x1536.jpg 1024w, https:\/\/aynatasarim.com\/wp-content\/uploads\/2023\/06\/12-1365x2048.jpg 1365w\" data-sizes=\"(max-width: 1707px) 100vw, 1707px\" src=\"data:image\/svg+xml;base64,PHN2ZyB3aWR0aD0iMSIgaGVpZ2h0PSIxIiB4bWxucz0iaHR0cDovL3d3dy53My5vcmcvMjAwMC9zdmciPjwvc3ZnPg==\" style=\"--smush-placeholder-width: 1707px; --smush-placeholder-aspect-ratio: 1707\/2560;\" \/><figcaption>Large Dracaena Marginata<\/figcaption><\/figure>\n<\/div><\/div>\n\n\n\n<div class=\"wp-block-kadence-column kadence-column_5307d0-45 inner-column-2\"><div class=\"kt-inside-inner-col\">\n<figure class=\"wp-block-kadence-image kb-image_ee69ce-54\"><img decoding=\"async\" width=\"1707\" height=\"2560\" data-src=\"https:\/\/aynatasarim.com\/wp-content\/uploads\/2023\/06\/4-scaled.jpg\" alt=\"\" class=\"kb-img wp-image-3396 lazyload\" title=\"\" data-srcset=\"https:\/\/aynatasarim.com\/wp-content\/uploads\/2023\/06\/4-scaled.jpg 1707w, https:\/\/aynatasarim.com\/wp-content\/uploads\/2023\/06\/4-scaled-600x900.jpg 600w, https:\/\/aynatasarim.com\/wp-content\/uploads\/2023\/06\/4-200x300.jpg 200w, https:\/\/aynatasarim.com\/wp-content\/uploads\/2023\/06\/4-683x1024.jpg 683w, https:\/\/aynatasarim.com\/wp-content\/uploads\/2023\/06\/4-768x1152.jpg 768w, https:\/\/aynatasarim.com\/wp-content\/uploads\/2023\/06\/4-1024x1536.jpg 1024w, https:\/\/aynatasarim.com\/wp-content\/uploads\/2023\/06\/4-1365x2048.jpg 1365w\" data-sizes=\"(max-width: 1707px) 100vw, 1707px\" src=\"data:image\/svg+xml;base64,PHN2ZyB3aWR0aD0iMSIgaGVpZ2h0PSIxIiB4bWxucz0iaHR0cDovL3d3dy53My5vcmcvMjAwMC9zdmciPjwvc3ZnPg==\" style=\"--smush-placeholder-width: 1707px; --smush-placeholder-aspect-ratio: 1707\/2560;\" \/><figcaption>Snake Plant Laurentii<\/figcaption><\/figure>\n<\/div><\/div>\n\n\n\n<div class=\"wp-block-kadence-column kadence-column_d7eca5-b7 inner-column-3\"><div class=\"kt-inside-inner-col\">\n<figure class=\"wp-block-kadence-image kb-image_026717-ec\"><img decoding=\"async\" width=\"1707\" height=\"2560\" data-src=\"https:\/\/aynatasarim.com\/wp-content\/uploads\/2023\/06\/1-scaled.jpg\" alt=\"\" class=\"kb-img wp-image-3395 lazyload\" title=\"\" data-srcset=\"https:\/\/aynatasarim.com\/wp-content\/uploads\/2023\/06\/1-scaled.jpg 1707w, https:\/\/aynatasarim.com\/wp-content\/uploads\/2023\/06\/1-scaled-600x900.jpg 600w, https:\/\/aynatasarim.com\/wp-content\/uploads\/2023\/06\/1-200x300.jpg 200w, https:\/\/aynatasarim.com\/wp-content\/uploads\/2023\/06\/1-683x1024.jpg 683w, https:\/\/aynatasarim.com\/wp-content\/uploads\/2023\/06\/1-768x1152.jpg 768w, https:\/\/aynatasarim.com\/wp-content\/uploads\/2023\/06\/1-1024x1536.jpg 1024w, https:\/\/aynatasarim.com\/wp-content\/uploads\/2023\/06\/1-1366x2048.jpg 1366w\" data-sizes=\"(max-width: 1707px) 100vw, 1707px\" src=\"data:image\/svg+xml;base64,PHN2ZyB3aWR0aD0iMSIgaGVpZ2h0PSIxIiB4bWxucz0iaHR0cDovL3d3dy53My5vcmcvMjAwMC9zdmciPjwvc3ZnPg==\" style=\"--smush-placeholder-width: 1707px; --smush-placeholder-aspect-ratio: 1707\/2560;\" \/><figcaption>Button Fern<\/figcaption><\/figure>\n<\/div><\/div>\n\n\n\n<div class=\"wp-block-kadence-column kadence-column_746468-1b inner-column-4\"><div class=\"kt-inside-inner-col\">\n<figure class=\"wp-block-kadence-image kb-image_74d9e1-72\"><img decoding=\"async\" width=\"1707\" height=\"2560\" data-src=\"https:\/\/aynatasarim.com\/wp-content\/uploads\/2023\/04\/24-scaled.jpg\" alt=\"\" class=\"kb-img wp-image-3162 lazyload\" title=\"\" data-srcset=\"https:\/\/aynatasarim.com\/wp-content\/uploads\/2023\/04\/24-scaled.jpg 1707w, https:\/\/aynatasarim.com\/wp-content\/uploads\/2023\/04\/24-scaled-600x900.jpg 600w, https:\/\/aynatasarim.com\/wp-content\/uploads\/2023\/04\/24-200x300.jpg 200w, https:\/\/aynatasarim.com\/wp-content\/uploads\/2023\/04\/24-683x1024.jpg 683w, https:\/\/aynatasarim.com\/wp-content\/uploads\/2023\/04\/24-768x1152.jpg 768w, https:\/\/aynatasarim.com\/wp-content\/uploads\/2023\/04\/24-1024x1536.jpg 1024w, https:\/\/aynatasarim.com\/wp-content\/uploads\/2023\/04\/24-1365x2048.jpg 1365w\" data-sizes=\"(max-width: 1707px) 100vw, 1707px\" src=\"data:image\/svg+xml;base64,PHN2ZyB3aWR0aD0iMSIgaGVpZ2h0PSIxIiB4bWxucz0iaHR0cDovL3d3dy53My5vcmcvMjAwMC9zdmciPjwvc3ZnPg==\" style=\"--smush-placeholder-width: 1707px; --smush-placeholder-aspect-ratio: 1707\/2560;\" \/><figcaption>Button Fern<\/figcaption><\/figure>\n<\/div><\/div>\n\n<\/div><\/div>\n\n\n\n\n\n<div class=\"wp-block-kadence-column kadence-column_dded7e-34 kb-section-dir-vertical\"><div class=\"kt-inside-inner-col\">\n<h3 class=\"kt-adv-heading_9490ea-7c48 underline wp-block-kadence-advancedheading hls-none\" data-kb-block=\"kb-adv-heading_9490ea-7c48\">Birbirinden \u00e7e\u015fitli, harika ayna desenleri ile evlerinizde ve ofislerinizde \u015f\u0131kl\u0131\u011f\u0131 bir ad\u0131m daha \u00f6ne ta\u015f\u0131y\u0131n.<\/h3>\n<\/div><\/div>\n\n\n\n<div class=\"wp-block-kadence-column kadence-column_986ca6-75 inner-column-2\"><div class=\"kt-inside-inner-col\">\n<div class=\"wp-block-kadence-spacer aligncenter kt-block-spacer-_08d86d-24 kvs-lg-false\"><div class=\"kt-block-spacer kt-block-spacer-halign-center\"><\/div><\/div>\n<\/div><\/div>\n\n\n\n\n\n<div class=\"wp-block-kadence-column kadence-column_e0320e-58 inner-column-1\"><div class=\"kt-inside-inner-col\">\n<h3 class=\"kt-adv-heading_1116be-4049 wp-block-kadence-advancedheading\" data-kb-block=\"kb-adv-heading_1116be-4049\">Ayna Sanat\u0131 \/ Monorazo<\/h3>\n\n\n\n<h5 class=\"kt-adv-heading_348621-5c wp-block-kadence-advancedheading\" data-kb-block=\"kb-adv-heading_348621-5c\">Hayalinizdeki Aynay\u0131 Tasarlayal\u0131m Ki\u015fiye \u00f6zel sipari\u015f al\u0131n\u0131r.<\/h5>\n\n\n\n<div class=\"wp-block-kadence-advancedbtn kb-buttons-wrap kb-btns_2fff16-ab\"><\/div>\n<\/div><\/div>\n\n\n\n\n<div class=\"wp-block-columns is-layout-flex wp-container-core-columns-is-layout-9d6595d7 wp-block-columns-is-layout-flex\">\n<div class=\"wp-block-column is-layout-flow wp-block-column-is-layout-flow\" style=\"flex-basis:100%\">\n\n<div class=\"wp-block-kadence-column kadence-column_3f9f92-f7 kb-section-dir-vertical\"><div class=\"kt-inside-inner-col\">\n<div class=\"wp-block-columns is-layout-flex wp-container-core-columns-is-layout-9d6595d7 wp-block-columns-is-layout-flex\">\n<div class=\"wp-block-column is-layout-flow wp-block-column-is-layout-flow\" style=\"flex-basis:100%\">\n<h3 class=\"kt-adv-heading_7a3264-02 underline wp-block-kadence-advancedheading hls-none\" data-kb-block=\"kb-adv-heading_7a3264-02\">Ayna Modas\u0131 Sekt\u00f6r\u00fcn\u00fcn \u00d6nc\u00fcs\u00fc Monorazo<\/h3>\n<\/div>\n<\/div>\n<\/div><\/div>\n\n\n\n<div class=\"wp-block-kadence-column kadence-column_2a9c91-ce kb-section-dir-vertical\"><div class=\"kt-inside-inner-col\">\n<div class=\"wp-block-columns is-layout-flex wp-container-core-columns-is-layout-9d6595d7 wp-block-columns-is-layout-flex\">\n<div class=\"wp-block-column is-layout-flow wp-block-column-is-layout-flow\">\n<figure class=\"wp-block-image size-full is-resized\"><img decoding=\"async\" data-src=\"https:\/\/aynatasarim.com\/wp-content\/uploads\/2023\/04\/35-scaled.jpg\" alt=\"\" class=\"wp-image-3230 lazyload\" width=\"480\" height=\"640\" data-srcset=\"https:\/\/aynatasarim.com\/wp-content\/uploads\/2023\/04\/35-scaled.jpg 1920w, https:\/\/aynatasarim.com\/wp-content\/uploads\/2023\/04\/35-scaled-600x800.jpg 600w\" data-sizes=\"(max-width: 480px) 100vw, 480px\" src=\"data:image\/svg+xml;base64,PHN2ZyB3aWR0aD0iMSIgaGVpZ2h0PSIxIiB4bWxucz0iaHR0cDovL3d3dy53My5vcmcvMjAwMC9zdmciPjwvc3ZnPg==\" style=\"--smush-placeholder-width: 480px; --smush-placeholder-aspect-ratio: 480\/640;\" \/><\/figure>\n<\/div>\n<\/div>\n<\/div><\/div>\n\n\n\n<div class=\"wp-block-kadence-column kadence-column_391383-2e inner-column-3\"><div class=\"kt-inside-inner-col\">\n<div class=\"wp-block-columns is-layout-flex wp-container-core-columns-is-layout-9d6595d7 wp-block-columns-is-layout-flex\">\n<div class=\"wp-block-column is-layout-flow wp-block-column-is-layout-flow\">\n<div class=\"wp-block-columns is-layout-flex wp-container-core-columns-is-layout-9d6595d7 wp-block-columns-is-layout-flex\">\n<div class=\"wp-block-column is-layout-flow wp-block-column-is-layout-flow\" style=\"flex-basis:100%\">\n<figure class=\"wp-block-image size-full is-resized\"><img decoding=\"async\" data-src=\"https:\/\/aynatasarim.com\/wp-content\/uploads\/2023\/04\/27-scaled.jpg\" alt=\"\" class=\"wp-image-3183 lazyload\" width=\"640\" height=\"480\" data-srcset=\"https:\/\/aynatasarim.com\/wp-content\/uploads\/2023\/04\/27-scaled.jpg 2560w, https:\/\/aynatasarim.com\/wp-content\/uploads\/2023\/04\/27-scaled-600x450.jpg 600w\" data-sizes=\"(max-width: 640px) 100vw, 640px\" src=\"data:image\/svg+xml;base64,PHN2ZyB3aWR0aD0iMSIgaGVpZ2h0PSIxIiB4bWxucz0iaHR0cDovL3d3dy53My5vcmcvMjAwMC9zdmciPjwvc3ZnPg==\" style=\"--smush-placeholder-width: 640px; --smush-placeholder-aspect-ratio: 640\/480;\" \/><\/figure>\n<\/div>\n<\/div>\n<\/div>\n<\/div>\n<\/div><\/div>\n\n<\/div>\n<\/div>","protected":false},"excerpt":{"rendered":"Siz hayal edin, biz hayata ge\u00e7irelim. Aynada Moda Arad\u0131\u011f\u0131n\u0131z \u015f\u0131kl\u0131k burada. \u00dcr\u00fcn Kategorileri Large Dracaena Marginata Snake Plant Laurentii Button Fern Button Fern Birbirinden \u00e7e\u015fitli, harika ayna desenleri ile evlerinizde ve ofislerinizde \u015f\u0131kl\u0131\u011f\u0131 bir ad\u0131m daha \u00f6ne ta\u015f\u0131y\u0131n. Ayna Sanat\u0131 \/ Monorazo Hayalinizdeki Aynay\u0131 Tasarlayal\u0131m Ki\u015fiye \u00f6zel sipari\u015f al\u0131n\u0131r. Ayna Modas\u0131 Sekt\u00f6r\u00fcn\u00fcn \u00d6nc\u00fcs\u00fc Monorazo","protected":false},"author":1,"featured_media":0,"parent":0,"menu_order":0,"comment_status":"closed","ping_status":"closed","template":"","meta":{"footnotes":""},"class_list":["post-5","page","type-page","status-publish","hentry"],"_links":{"self":[{"href":"https:\/\/aynatasarim.com\/en\/wp-json\/wp\/v2\/pages\/5","targetHints":{"allow":["GET"]}}],"collection":[{"href":"https:\/\/aynatasarim.com\/en\/wp-json\/wp\/v2\/pages"}],"about":[{"href":"https:\/\/aynatasarim.com\/en\/wp-json\/wp\/v2\/types\/page"}],"author":[{"embeddable":true,"href":"https:\/\/aynatasarim.com\/en\/wp-json\/wp\/v2\/users\/1"}],"replies":[{"embeddable":true,"href":"https:\/\/aynatasarim.com\/en\/wp-json\/wp\/v2\/comments?post=5"}],"version-history":[{"count":0,"href":"https:\/\/aynatasarim.com\/en\/wp-json\/wp\/v2\/pages\/5\/revisions"}],"wp:attachment":[{"href":"https:\/\/aynatasarim.com\/en\/wp-json\/wp\/v2\/media?parent=5"}],"curies":[{"name":"wp","href":"https:\/\/api.w.org\/{rel}","templated":true}]}}